{"id":210,"date":"2016-04-13T20:53:31","date_gmt":"2016-04-13T19:53:31","guid":{"rendered":"https:\/\/www.pepin-sim.com\/en\/?page_id=210"},"modified":"2026-03-13T16:02:42","modified_gmt":"2026-03-13T20:02:42","slug":"home","status":"publish","type":"page","link":"https:\/\/www.pepin-sim.com\/en\/","title":{"rendered":"Home"},"content":{"rendered":"<h1>SIM Steel Buildings Inc.<\/h1>\n<p>As a <strong>general contractor<\/strong>, SIM Steel Buildings inc. specialises in <strong>commercial and industrial design and construction<\/strong>.<\/p>\n<p>The expertise developed over 30 years brings you the best value as well as an outstanding service.<\/p>\n<p>With it\u2019s involvement in every step of the project, SIM helps you maximise your operations by putting up buildings adapted to your present and futur needs. Wether it is for a <em>new building<\/em>, a <em>renovation<\/em>, <em>management<\/em>, or a turn key project, SIM supports you from the planification all the way to the possession of you project.<\/p>\n<p>To keep control over all costs and optimize the results, this <strong>general contractor<\/strong> manages the entire project and all the involved actors, he will even hire the architects and engineers needed.<\/p>\n<p><a class=\"progression-button\" href=\"https:\/\/www.pepin-sim.com\/en\/about-us\/\">Learn more<\/a><\/p>\n","protected":false},"excerpt":{"rendered":"<p>SIM Steel Buildings Inc. As a general contractor, SIM Steel Buildings inc. specialises in commercial and industrial design and construction. The expertise developed over 30 years brings you the best value as well as an outstanding service. With it\u2019s involvement in every step of the project, SIM helps you maximise your operations by putting up&#8230;<span class=\"d-block\"><a class=\"progression-button\" href=\"https:\/\/www.pepin-sim.com\/en\/\" rel=\"nofollow\">Continue reading <span class=\"meta-nav\">&rarr;<\/span><\/a><\/span><\/p>\n","protected":false},"author":1,"featured_media":1709,"parent":0,"menu_order":0,"comment_status":"closed","ping_status":"closed","template":"homepage.php","meta":{"_acf_changed":false,"footnotes":""},"class_list":["post-210","page","type-page","status-publish","has-post-thumbnail","hentry"],"acf":[],"yoast_head":"<!-- This site is optimized with the Yoast SEO plugin v27.2 - https:\/\/yoast.com\/product\/yoast-seo-wordpress\/ -->\n<title>SIM Steel Buildings inc. | Sim Pepin - General contractor<\/title>\n<meta name=\"description\" content=\"As a general contractor, SIM specialises in commercial and industrial design and construction.\" \/>\n<meta name=\"robots\" content=\"index, follow, max-snippet:-1, max-image-preview:large, max-video-preview:-1\" \/>\n<link rel=\"canonical\" href=\"https:\/\/www.pepin-sim.com\/en\/\" \/>\n<meta property=\"og:locale\" content=\"en_US\" \/>\n<meta property=\"og:type\" content=\"article\" \/>\n<meta property=\"og:title\" content=\"SIM Steel Buildings inc. | Sim Pepin - General contractor\" \/>\n<meta property=\"og:description\" content=\"As a general contractor, SIM specialises in commercial and industrial design and construction.\" \/>\n<meta property=\"og:url\" content=\"https:\/\/www.pepin-sim.com\/en\/\" \/>\n<meta property=\"og:site_name\" content=\"SIM Pepin\" \/>\n<meta property=\"article:modified_time\" content=\"2026-03-13T20:02:42+00:00\" \/>\n<meta property=\"og:image\" content=\"https:\/\/www.pepin-sim.com\/wp-content\/uploads\/2016\/04\/accueil-equipe_gerald-mylene-antoine-1.jpg\" \/>\n\t<meta property=\"og:image:width\" content=\"720\" \/>\n\t<meta property=\"og:image:height\" content=\"385\" \/>\n\t<meta property=\"og:image:type\" content=\"image\/jpeg\" \/>\n<meta name=\"twitter:card\" content=\"summary_large_image\" \/>\n<meta name=\"twitter:label1\" content=\"Est. reading time\" \/>\n\t<meta name=\"twitter:data1\" content=\"1 minute\" \/>\n<script type=\"application\/ld+json\" class=\"yoast-schema-graph\">{\"@context\":\"https:\/\/schema.org\",\"@graph\":[{\"@type\":\"WebPage\",\"@id\":\"https:\/\/www.pepin-sim.com\/en\/\",\"url\":\"https:\/\/www.pepin-sim.com\/en\/\",\"name\":\"SIM Steel Buildings inc. | Sim Pepin - General contractor\",\"isPartOf\":{\"@id\":\"https:\/\/www.pepin-sim.com\/#website\"},\"primaryImageOfPage\":{\"@id\":\"https:\/\/www.pepin-sim.com\/en\/#primaryimage\"},\"image\":{\"@id\":\"https:\/\/www.pepin-sim.com\/en\/#primaryimage\"},\"thumbnailUrl\":\"https:\/\/www.pepin-sim.com\/wp-content\/uploads\/2016\/04\/accueil-equipe_gerald-mylene-antoine-1.jpg\",\"datePublished\":\"2016-04-13T19:53:31+00:00\",\"dateModified\":\"2026-03-13T20:02:42+00:00\",\"description\":\"As a general contractor, SIM specialises in commercial and industrial design and construction.\",\"breadcrumb\":{\"@id\":\"https:\/\/www.pepin-sim.com\/en\/#breadcrumb\"},\"inLanguage\":\"en-US\",\"potentialAction\":[{\"@type\":\"ReadAction\",\"target\":[\"https:\/\/www.pepin-sim.com\/en\/\"]}]},{\"@type\":\"ImageObject\",\"inLanguage\":\"en-US\",\"@id\":\"https:\/\/www.pepin-sim.com\/en\/#primaryimage\",\"url\":\"https:\/\/www.pepin-sim.com\/wp-content\/uploads\/2016\/04\/accueil-equipe_gerald-mylene-antoine-1.jpg\",\"contentUrl\":\"https:\/\/www.pepin-sim.com\/wp-content\/uploads\/2016\/04\/accueil-equipe_gerald-mylene-antoine-1.jpg\",\"width\":720,\"height\":385,\"caption\":\"\u00c9quipe Sim-Pepin - G\u00e9rald-Myl\u00e8ne-Antoine\"},{\"@type\":\"BreadcrumbList\",\"@id\":\"https:\/\/www.pepin-sim.com\/en\/#breadcrumb\",\"itemListElement\":[{\"@type\":\"ListItem\",\"position\":1,\"name\":\"Accueil\",\"item\":\"https:\/\/www.pepin-sim.com\/en\/\"},{\"@type\":\"ListItem\",\"position\":2,\"name\":\"Home\"}]},{\"@type\":\"WebSite\",\"@id\":\"https:\/\/www.pepin-sim.com\/#website\",\"url\":\"https:\/\/www.pepin-sim.com\/\",\"name\":\"SIM Pepin\",\"description\":\"B\u00e2timents d&#039;acier &amp; .\",\"potentialAction\":[{\"@type\":\"SearchAction\",\"target\":{\"@type\":\"EntryPoint\",\"urlTemplate\":\"https:\/\/www.pepin-sim.com\/?s={search_term_string}\"},\"query-input\":{\"@type\":\"PropertyValueSpecification\",\"valueRequired\":true,\"valueName\":\"search_term_string\"}}],\"inLanguage\":\"en-US\"}]}<\/script>\n<!-- \/ Yoast SEO plugin. -->","yoast_head_json":{"title":"SIM Steel Buildings inc. | Sim Pepin - General contractor","description":"As a general contractor, SIM specialises in commercial and industrial design and construction.","robots":{"index":"index","follow":"follow","max-snippet":"max-snippet:-1","max-image-preview":"max-image-preview:large","max-video-preview":"max-video-preview:-1"},"canonical":"https:\/\/www.pepin-sim.com\/en\/","og_locale":"en_US","og_type":"article","og_title":"SIM Steel Buildings inc. | Sim Pepin - General contractor","og_description":"As a general contractor, SIM specialises in commercial and industrial design and construction.","og_url":"https:\/\/www.pepin-sim.com\/en\/","og_site_name":"SIM Pepin","article_modified_time":"2026-03-13T20:02:42+00:00","og_image":[{"width":720,"height":385,"url":"https:\/\/www.pepin-sim.com\/wp-content\/uploads\/2016\/04\/accueil-equipe_gerald-mylene-antoine-1.jpg","type":"image\/jpeg"}],"twitter_card":"summary_large_image","twitter_misc":{"Est. reading time":"1 minute"},"schema":{"@context":"https:\/\/schema.org","@graph":[{"@type":"WebPage","@id":"https:\/\/www.pepin-sim.com\/en\/","url":"https:\/\/www.pepin-sim.com\/en\/","name":"SIM Steel Buildings inc. | Sim Pepin - General contractor","isPartOf":{"@id":"https:\/\/www.pepin-sim.com\/#website"},"primaryImageOfPage":{"@id":"https:\/\/www.pepin-sim.com\/en\/#primaryimage"},"image":{"@id":"https:\/\/www.pepin-sim.com\/en\/#primaryimage"},"thumbnailUrl":"https:\/\/www.pepin-sim.com\/wp-content\/uploads\/2016\/04\/accueil-equipe_gerald-mylene-antoine-1.jpg","datePublished":"2016-04-13T19:53:31+00:00","dateModified":"2026-03-13T20:02:42+00:00","description":"As a general contractor, SIM specialises in commercial and industrial design and construction.","breadcrumb":{"@id":"https:\/\/www.pepin-sim.com\/en\/#breadcrumb"},"inLanguage":"en-US","potentialAction":[{"@type":"ReadAction","target":["https:\/\/www.pepin-sim.com\/en\/"]}]},{"@type":"ImageObject","inLanguage":"en-US","@id":"https:\/\/www.pepin-sim.com\/en\/#primaryimage","url":"https:\/\/www.pepin-sim.com\/wp-content\/uploads\/2016\/04\/accueil-equipe_gerald-mylene-antoine-1.jpg","contentUrl":"https:\/\/www.pepin-sim.com\/wp-content\/uploads\/2016\/04\/accueil-equipe_gerald-mylene-antoine-1.jpg","width":720,"height":385,"caption":"\u00c9quipe Sim-Pepin - G\u00e9rald-Myl\u00e8ne-Antoine"},{"@type":"BreadcrumbList","@id":"https:\/\/www.pepin-sim.com\/en\/#breadcrumb","itemListElement":[{"@type":"ListItem","position":1,"name":"Accueil","item":"https:\/\/www.pepin-sim.com\/en\/"},{"@type":"ListItem","position":2,"name":"Home"}]},{"@type":"WebSite","@id":"https:\/\/www.pepin-sim.com\/#website","url":"https:\/\/www.pepin-sim.com\/","name":"SIM Pepin","description":"B\u00e2timents d&#039;acier &amp; .","potentialAction":[{"@type":"SearchAction","target":{"@type":"EntryPoint","urlTemplate":"https:\/\/www.pepin-sim.com\/?s={search_term_string}"},"query-input":{"@type":"PropertyValueSpecification","valueRequired":true,"valueName":"search_term_string"}}],"inLanguage":"en-US"}]}},"_links":{"self":[{"href":"https:\/\/www.pepin-sim.com\/en\/wp-json\/wp\/v2\/pages\/210","targetHints":{"allow":["GET"]}}],"collection":[{"href":"https:\/\/www.pepin-sim.com\/en\/wp-json\/wp\/v2\/pages"}],"about":[{"href":"https:\/\/www.pepin-sim.com\/en\/wp-json\/wp\/v2\/types\/page"}],"author":[{"embeddable":true,"href":"https:\/\/www.pepin-sim.com\/en\/wp-json\/wp\/v2\/users\/1"}],"replies":[{"embeddable":true,"href":"https:\/\/www.pepin-sim.com\/en\/wp-json\/wp\/v2\/comments?post=210"}],"version-history":[{"count":56,"href":"https:\/\/www.pepin-sim.com\/en\/wp-json\/wp\/v2\/pages\/210\/revisions"}],"predecessor-version":[{"id":45883,"href":"https:\/\/www.pepin-sim.com\/en\/wp-json\/wp\/v2\/pages\/210\/revisions\/45883"}],"wp:featuredmedia":[{"embeddable":true,"href":"https:\/\/www.pepin-sim.com\/en\/wp-json\/wp\/v2\/media\/1709"}],"wp:attachment":[{"href":"https:\/\/www.pepin-sim.com\/en\/wp-json\/wp\/v2\/media?parent=210"}],"curies":[{"name":"wp","href":"https:\/\/api.w.org\/{rel}","templated":true}]}}