{"id":715,"date":"2016-04-29T11:19:27","date_gmt":"2016-04-29T15:19:27","guid":{"rendered":"https:\/\/www.pepin-sim.com\/en\/?page_id=715"},"modified":"2026-03-13T17:26:39","modified_gmt":"2026-03-13T21:26:39","slug":"about-us","status":"publish","type":"page","link":"https:\/\/www.pepin-sim.com\/en\/about-us\/","title":{"rendered":"About us"},"content":{"rendered":"<h2>A solid construction business<\/h2>\n<p><strong>Building contractor mostly active in Montreal, on the North Shore, in the Laurentians, and all over Quebec, SIM Steel Buildings Inc.<\/strong> provides its <strong>expertise in design<\/strong> and <strong>construction<\/strong> of <strong>commercial<\/strong> and <strong>industrial<\/strong> buildings.<\/p>\n<p>With <a href=\"https:\/\/www.pepin-sim.com\/en\/our-projects\/\"><strong>over 1\u00a0400 projects<\/strong><\/a> already completed, SIM has acquired a strong expertise and the skills to guide you and make your project a reality, with professionalism.<\/p>\n<p>The team \u2013\u00a0including experienced professionals added to qualified successors\u00a0\u2013 works closely with you and every involved participant to bring out the best in your project, always keeping in mind to offer you the best value for your money with high-end products and services.<\/p>\n<p><a href=\"https:\/\/www.pepin-sim.com\/en\/our-team\/\">This experienced team<\/a> establishes a climate of trust based on a human scale approach, and confidence is built right from the start. Moreover, the after-sale service is at the heart of their succes.<\/p>\n<p>Call upon this team and see why so many people choose this building contractor to turn their projects into reality. SIM has also satisfied customers all over Quebec, Ontario and even in the United States.<\/p>\n<p>The promise to the client is constant. For a fact, SIM Steel Buildings Inc. has worked with the same licence from the R\u00e9gie du b\u00e2timent du Qu\u00e9bec, since the begining, in 1985.<\/p>\n<p><em>SIM Steel Buildings Inc.: a construction company committed and dedicated to meet your needs.<\/em><\/p>\n<h2>HISTORY<\/h2>\n<p>In the beginning, SIM Steel Buildings Inc. was founded as a commercial and industrial building company, over 30 years ago. Since then, the business has grown and diversified its activities and also merged with it\u2019s other businesses: G\u00e9rald Pepin construction, \u00c9nergie SIM Energy, and Gestion G\u00e9rald Pepin, witch were all runed by the same president, <a href=\"https:\/\/www.pepin-sim.com\/en\/our-team\/gerald-pepin-founding-president\/\">G\u00e9rald Pepin<\/a>.<\/p>\n<p>In 1991, a costumer asked SIM to build three lumber drying kilns, what the company did with excellence. That succes brought the company to a new industry witch she skylfully integrated.<\/p>\n<p>Two years later, SIM Steel Buildings Inc. becomes a canadian leader in the lumber drying kiln industry. SIM creates innovative products that bring a wide recognition both on the local and international markets.<\/p>\n<p>As the distributor for Steelway building systems, SIM was honored with the District Performance award, many times, and is also a member of the Million Dollar Club.<\/p>\n<p>Furthermore, around the year of 2000, SIM Steel Buildings Inc. added a management section by offering preventative maintenance for the industrial and commercial buildings.<\/p>\n<p>In 2015, <a href=\"https:\/\/www.pepin-sim.com\/en\/our-team\/mylene-pepin\/\">Myl\u00e8ne Pepin<\/a> and <a href=\"https:\/\/www.pepin-sim.com\/en\/our-team\/antoine-renaud-martel\/\">Antoine Renaud Martel<\/a> become shareholders of the company.<\/p>\n<p>In the same year, SIM became the exclusive distributor of <a href=\"http:\/\/www.steelway.com\/\">Steelway<\/a>, <a href=\"http:\/\/www.steelway.com\/\">Zelus<\/a> and <a href=\"http:\/\/www.steelway.com\/\">ExSteel<\/a>, for all Quebec.<\/p>\n<p><em>SIM Steel Buildings Inc., a pledge of excellence!<\/em><\/p>\n","protected":false},"excerpt":{"rendered":"<p>A solid construction business Building contractor mostly active in Montreal, on the North Shore, in the Laurentians, and all over Quebec, SIM Steel Buildings Inc. provides its expertise in design and construction of commercial and industrial buildings. With over 1\u00a0400 projects already completed, SIM has acquired a strong expertise and the skills to guide you&#8230;<span class=\"d-block\"><a class=\"progression-button\" href=\"https:\/\/www.pepin-sim.com\/en\/about-us\/\" rel=\"nofollow\">Continue reading <span class=\"meta-nav\">&rarr;<\/span><\/a><\/span><\/p>\n","protected":false},"author":1,"featured_media":1787,"parent":0,"menu_order":0,"comment_status":"closed","ping_status":"closed","template":"page-full-width.php","meta":{"_acf_changed":false,"footnotes":""},"class_list":["post-715","page","type-page","status-publish","has-post-thumbnail","hentry"],"acf":[],"yoast_head":"<!-- This site is optimized with the Yoast SEO plugin v27.2 - https:\/\/yoast.com\/product\/yoast-seo-wordpress\/ -->\n<title>About us - SIM Pepin | General contractor since 1985<\/title>\n<meta name=\"description\" content=\"General contractor well known in Montreal, on the North Shore, and in the Laurentians, SIM provides its expertise to your business.\" \/>\n<meta name=\"robots\" content=\"index, follow, max-snippet:-1, max-image-preview:large, max-video-preview:-1\" \/>\n<link rel=\"canonical\" href=\"https:\/\/www.pepin-sim.com\/en\/about-us\/\" \/>\n<meta property=\"og:locale\" content=\"en_US\" \/>\n<meta property=\"og:type\" content=\"article\" \/>\n<meta property=\"og:title\" content=\"About us - SIM Pepin | General contractor since 1985\" \/>\n<meta property=\"og:description\" content=\"General contractor well known in Montreal, on the North Shore, and in the Laurentians, SIM provides its expertise to your business.\" \/>\n<meta property=\"og:url\" content=\"https:\/\/www.pepin-sim.com\/en\/about-us\/\" \/>\n<meta property=\"og:site_name\" content=\"SIM Pepin\" \/>\n<meta property=\"article:modified_time\" content=\"2026-03-13T21:26:39+00:00\" \/>\n<meta property=\"og:image\" content=\"https:\/\/www.pepin-sim.com\/wp-content\/uploads\/2016\/06\/team-affiliated_img_001-e1472501921418.jpg\" \/>\n\t<meta property=\"og:image:width\" content=\"1700\" \/>\n\t<meta property=\"og:image:height\" content=\"750\" \/>\n\t<meta property=\"og:image:type\" content=\"image\/jpeg\" \/>\n<meta name=\"twitter:card\" content=\"summary_large_image\" \/>\n<meta name=\"twitter:label1\" content=\"Est. reading time\" \/>\n\t<meta name=\"twitter:data1\" content=\"3 minutes\" \/>\n<script type=\"application\/ld+json\" class=\"yoast-schema-graph\">{\"@context\":\"https:\/\/schema.org\",\"@graph\":[{\"@type\":\"WebPage\",\"@id\":\"https:\/\/www.pepin-sim.com\/en\/about-us\/\",\"url\":\"https:\/\/www.pepin-sim.com\/en\/about-us\/\",\"name\":\"About us - SIM Pepin | General contractor since 1985\",\"isPartOf\":{\"@id\":\"https:\/\/www.pepin-sim.com\/#website\"},\"primaryImageOfPage\":{\"@id\":\"https:\/\/www.pepin-sim.com\/en\/about-us\/#primaryimage\"},\"image\":{\"@id\":\"https:\/\/www.pepin-sim.com\/en\/about-us\/#primaryimage\"},\"thumbnailUrl\":\"https:\/\/www.pepin-sim.com\/wp-content\/uploads\/2016\/06\/team-affiliated_img_001-e1472501921418.jpg\",\"datePublished\":\"2016-04-29T15:19:27+00:00\",\"dateModified\":\"2026-03-13T21:26:39+00:00\",\"description\":\"General contractor well known in Montreal, on the North Shore, and in the Laurentians, SIM provides its expertise to your business.\",\"breadcrumb\":{\"@id\":\"https:\/\/www.pepin-sim.com\/en\/about-us\/#breadcrumb\"},\"inLanguage\":\"en-US\",\"potentialAction\":[{\"@type\":\"ReadAction\",\"target\":[\"https:\/\/www.pepin-sim.com\/en\/about-us\/\"]}]},{\"@type\":\"ImageObject\",\"inLanguage\":\"en-US\",\"@id\":\"https:\/\/www.pepin-sim.com\/en\/about-us\/#primaryimage\",\"url\":\"https:\/\/www.pepin-sim.com\/wp-content\/uploads\/2016\/06\/team-affiliated_img_001-e1472501921418.jpg\",\"contentUrl\":\"https:\/\/www.pepin-sim.com\/wp-content\/uploads\/2016\/06\/team-affiliated_img_001-e1472501921418.jpg\",\"width\":1700,\"height\":750,\"caption\":\"Projet Condo industriel St-Eustache\"},{\"@type\":\"BreadcrumbList\",\"@id\":\"https:\/\/www.pepin-sim.com\/en\/about-us\/#breadcrumb\",\"itemListElement\":[{\"@type\":\"ListItem\",\"position\":1,\"name\":\"Accueil\",\"item\":\"https:\/\/www.pepin-sim.com\/en\/\"},{\"@type\":\"ListItem\",\"position\":2,\"name\":\"About us\"}]},{\"@type\":\"WebSite\",\"@id\":\"https:\/\/www.pepin-sim.com\/#website\",\"url\":\"https:\/\/www.pepin-sim.com\/\",\"name\":\"SIM Pepin\",\"description\":\"B\u00e2timents d&#039;acier &amp; .\",\"potentialAction\":[{\"@type\":\"SearchAction\",\"target\":{\"@type\":\"EntryPoint\",\"urlTemplate\":\"https:\/\/www.pepin-sim.com\/?s={search_term_string}\"},\"query-input\":{\"@type\":\"PropertyValueSpecification\",\"valueRequired\":true,\"valueName\":\"search_term_string\"}}],\"inLanguage\":\"en-US\"}]}<\/script>\n<!-- \/ Yoast SEO plugin. -->","yoast_head_json":{"title":"About us - SIM Pepin | General contractor since 1985","description":"General contractor well known in Montreal, on the North Shore, and in the Laurentians, SIM provides its expertise to your business.","robots":{"index":"index","follow":"follow","max-snippet":"max-snippet:-1","max-image-preview":"max-image-preview:large","max-video-preview":"max-video-preview:-1"},"canonical":"https:\/\/www.pepin-sim.com\/en\/about-us\/","og_locale":"en_US","og_type":"article","og_title":"About us - SIM Pepin | General contractor since 1985","og_description":"General contractor well known in Montreal, on the North Shore, and in the Laurentians, SIM provides its expertise to your business.","og_url":"https:\/\/www.pepin-sim.com\/en\/about-us\/","og_site_name":"SIM Pepin","article_modified_time":"2026-03-13T21:26:39+00:00","og_image":[{"width":1700,"height":750,"url":"https:\/\/www.pepin-sim.com\/wp-content\/uploads\/2016\/06\/team-affiliated_img_001-e1472501921418.jpg","type":"image\/jpeg"}],"twitter_card":"summary_large_image","twitter_misc":{"Est. reading time":"3 minutes"},"schema":{"@context":"https:\/\/schema.org","@graph":[{"@type":"WebPage","@id":"https:\/\/www.pepin-sim.com\/en\/about-us\/","url":"https:\/\/www.pepin-sim.com\/en\/about-us\/","name":"About us - SIM Pepin | General contractor since 1985","isPartOf":{"@id":"https:\/\/www.pepin-sim.com\/#website"},"primaryImageOfPage":{"@id":"https:\/\/www.pepin-sim.com\/en\/about-us\/#primaryimage"},"image":{"@id":"https:\/\/www.pepin-sim.com\/en\/about-us\/#primaryimage"},"thumbnailUrl":"https:\/\/www.pepin-sim.com\/wp-content\/uploads\/2016\/06\/team-affiliated_img_001-e1472501921418.jpg","datePublished":"2016-04-29T15:19:27+00:00","dateModified":"2026-03-13T21:26:39+00:00","description":"General contractor well known in Montreal, on the North Shore, and in the Laurentians, SIM provides its expertise to your business.","breadcrumb":{"@id":"https:\/\/www.pepin-sim.com\/en\/about-us\/#breadcrumb"},"inLanguage":"en-US","potentialAction":[{"@type":"ReadAction","target":["https:\/\/www.pepin-sim.com\/en\/about-us\/"]}]},{"@type":"ImageObject","inLanguage":"en-US","@id":"https:\/\/www.pepin-sim.com\/en\/about-us\/#primaryimage","url":"https:\/\/www.pepin-sim.com\/wp-content\/uploads\/2016\/06\/team-affiliated_img_001-e1472501921418.jpg","contentUrl":"https:\/\/www.pepin-sim.com\/wp-content\/uploads\/2016\/06\/team-affiliated_img_001-e1472501921418.jpg","width":1700,"height":750,"caption":"Projet Condo industriel St-Eustache"},{"@type":"BreadcrumbList","@id":"https:\/\/www.pepin-sim.com\/en\/about-us\/#breadcrumb","itemListElement":[{"@type":"ListItem","position":1,"name":"Accueil","item":"https:\/\/www.pepin-sim.com\/en\/"},{"@type":"ListItem","position":2,"name":"About us"}]},{"@type":"WebSite","@id":"https:\/\/www.pepin-sim.com\/#website","url":"https:\/\/www.pepin-sim.com\/","name":"SIM Pepin","description":"B\u00e2timents d&#039;acier &amp; .","potentialAction":[{"@type":"SearchAction","target":{"@type":"EntryPoint","urlTemplate":"https:\/\/www.pepin-sim.com\/?s={search_term_string}"},"query-input":{"@type":"PropertyValueSpecification","valueRequired":true,"valueName":"search_term_string"}}],"inLanguage":"en-US"}]}},"_links":{"self":[{"href":"https:\/\/www.pepin-sim.com\/en\/wp-json\/wp\/v2\/pages\/715","targetHints":{"allow":["GET"]}}],"collection":[{"href":"https:\/\/www.pepin-sim.com\/en\/wp-json\/wp\/v2\/pages"}],"about":[{"href":"https:\/\/www.pepin-sim.com\/en\/wp-json\/wp\/v2\/types\/page"}],"author":[{"embeddable":true,"href":"https:\/\/www.pepin-sim.com\/en\/wp-json\/wp\/v2\/users\/1"}],"replies":[{"embeddable":true,"href":"https:\/\/www.pepin-sim.com\/en\/wp-json\/wp\/v2\/comments?post=715"}],"version-history":[{"count":19,"href":"https:\/\/www.pepin-sim.com\/en\/wp-json\/wp\/v2\/pages\/715\/revisions"}],"predecessor-version":[{"id":45914,"href":"https:\/\/www.pepin-sim.com\/en\/wp-json\/wp\/v2\/pages\/715\/revisions\/45914"}],"wp:featuredmedia":[{"embeddable":true,"href":"https:\/\/www.pepin-sim.com\/en\/wp-json\/wp\/v2\/media\/1787"}],"wp:attachment":[{"href":"https:\/\/www.pepin-sim.com\/en\/wp-json\/wp\/v2\/media?parent=715"}],"curies":[{"name":"wp","href":"https:\/\/api.w.org\/{rel}","templated":true}]}}